{"id":257,"date":"2025-06-20T04:53:41","date_gmt":"2025-06-20T04:53:41","guid":{"rendered":"https:\/\/lvtech2.amdigitalsoluciones.com\/?page_id=257"},"modified":"2025-06-20T06:33:35","modified_gmt":"2025-06-20T06:33:35","slug":"conocenos","status":"publish","type":"page","link":"https:\/\/lvtech2.amdigitalsoluciones.com\/index.php\/conocenos\/","title":{"rendered":"Conocenos"},"content":{"rendered":"\t\t<div data-elementor-type=\"wp-page\" data-elementor-id=\"257\" class=\"elementor elementor-257\" data-elementor-post-type=\"page\">\n\t\t\t\t<div class=\"elementor-element elementor-element-392b6983 e-flex e-con-boxed e-con e-parent\" data-id=\"392b6983\" data-element_type=\"container\" data-settings=\"{&quot;background_background&quot;:&quot;video&quot;,&quot;background_video_link&quot;:&quot;youtube.com\\\/watch?v=ImvJoE9vpQ0&amp;feature=youtu.be&quot;,&quot;background_play_on_mobile&quot;:&quot;yes&quot;}\">\n\t\t\t\t\t<div class=\"e-con-inner\">\n\t\t<div class=\"elementor-background-video-container\">\n\t\t\t\t\t\t\t<div class=\"elementor-background-video-embed\"><\/div>\n\t\t\t\t\t\t<\/div>\t\t<div class=\"elementor-element elementor-element-72a155fc elementor-widget elementor-widget-heading\" data-id=\"72a155fc\" data-element_type=\"widget\" data-widget_type=\"heading.default\">\n\t\t\t\t<div class=\"elementor-widget-container\">\n\t\t\t\t\t<h1 class=\"elementor-heading-title elementor-size-default\">Con\u00f3cenos<\/h1>\t\t\t\t<\/div>\n\t\t\t\t<\/div>\n\t\t\t\t\t<\/div>\n\t\t\t\t<\/div>\n\t\t<div class=\"elementor-element elementor-element-10ab39ee e-flex e-con-boxed e-con e-parent\" data-id=\"10ab39ee\" data-element_type=\"container\">\n\t\t\t\t\t<div class=\"e-con-inner\">\n\t\t<div class=\"elementor-element elementor-element-3bc4f012 e-con-full e-flex e-con e-child\" data-id=\"3bc4f012\" data-element_type=\"container\">\n\t\t\t\t<div class=\"elementor-element elementor-element-3b9ca4ad pp-dual-heading-inline elementor-widget elementor-widget-pp-dual-heading\" data-id=\"3b9ca4ad\" data-element_type=\"widget\" data-widget_type=\"pp-dual-heading.default\">\n\t\t\t\t<div class=\"elementor-widget-container\">\n\t\t\t\t\t<h5 class=\"pp-dual-heading\"><span class=\"pp-first-text\">MARCAS <\/span><span class=\"pp-second-text\">AMERICANAS<\/span><\/h5>\t\t\t\t<\/div>\n\t\t\t\t<\/div>\n\t\t\t\t<div class=\"elementor-element elementor-element-481db4b8 elementor-widget elementor-widget-heading\" data-id=\"481db4b8\" data-element_type=\"widget\" data-widget_type=\"heading.default\">\n\t\t\t\t<div class=\"elementor-widget-container\">\n\t\t\t\t\t<h3 class=\"elementor-heading-title elementor-size-default\">Las Mejores Marcas<\/h3>\t\t\t\t<\/div>\n\t\t\t\t<\/div>\n\t\t\t\t<div class=\"elementor-element elementor-element-5f77e178 elementor-widget elementor-widget-text-editor\" data-id=\"5f77e178\" data-element_type=\"widget\" data-widget_type=\"text-editor.default\">\n\t\t\t\t<div class=\"elementor-widget-container\">\n\t\t\t\t\t\t\t\t\t<p>En LV TECH., trabajamos con marcas reconocidas a nivel mundial para garantizar la calidad, seguridad y durabilidad de nuestros productos. Seleccionamos cuidadosamente a nuestros socios para ofrecer soluciones que se adapten a las exigencias del sector minero y otras industrias.<\/p>\t\t\t\t\t\t\t\t<\/div>\n\t\t\t\t<\/div>\n\t\t\t\t<div class=\"elementor-element elementor-element-5ccb3c85 elementor-widget elementor-widget-button\" data-id=\"5ccb3c85\" data-element_type=\"widget\" data-widget_type=\"button.default\">\n\t\t\t\t<div class=\"elementor-widget-container\">\n\t\t\t\t\t\t\t\t\t<div class=\"elementor-button-wrapper\">\n\t\t\t\t\t<a class=\"elementor-button elementor-button-link elementor-size-md\" href=\"#\">\n\t\t\t\t\t\t<span class=\"elementor-button-content-wrapper\">\n\t\t\t\t\t\t\t\t\t<span class=\"elementor-button-text\">COTIZAR<\/span>\n\t\t\t\t\t<\/span>\n\t\t\t\t\t<\/a>\n\t\t\t\t<\/div>\n\t\t\t\t\t\t\t\t<\/div>\n\t\t\t\t<\/div>\n\t\t\t\t<\/div>\n\t\t<div class=\"elementor-element elementor-element-77deadea e-con-full e-flex e-con e-child\" data-id=\"77deadea\" data-element_type=\"container\">\n\t\t\t\t<div class=\"elementor-element elementor-element-42a19742 elementor-widget elementor-widget-image\" data-id=\"42a19742\" data-element_type=\"widget\" data-widget_type=\"image.default\">\n\t\t\t\t<div class=\"elementor-widget-container\">\n\t\t\t\t\t\t\t\t\t\t\t\t\t\t\t<img fetchpriority=\"high\" decoding=\"async\" width=\"800\" height=\"533\" src=\"https:\/\/lvtech2.amdigitalsoluciones.com\/wp-content\/uploads\/2025\/06\/marcas-1024x682.jpg\" class=\"attachment-large size-large wp-image-165\" alt=\"\" srcset=\"https:\/\/lvtech2.amdigitalsoluciones.com\/wp-content\/uploads\/2025\/06\/marcas-1024x682.jpg 1024w, https:\/\/lvtech2.amdigitalsoluciones.com\/wp-content\/uploads\/2025\/06\/marcas-300x200.jpg 300w, https:\/\/lvtech2.amdigitalsoluciones.com\/wp-content\/uploads\/2025\/06\/marcas-768x512.jpg 768w, https:\/\/lvtech2.amdigitalsoluciones.com\/wp-content\/uploads\/2025\/06\/marcas-1536x1023.jpg 1536w, https:\/\/lvtech2.amdigitalsoluciones.com\/wp-content\/uploads\/2025\/06\/marcas-2048x1364.jpg 2048w\" sizes=\"(max-width: 800px) 100vw, 800px\" \/>\t\t\t\t\t\t\t\t\t\t\t\t\t\t\t<\/div>\n\t\t\t\t<\/div>\n\t\t\t\t<div class=\"elementor-element elementor-element-4f8f6c7b elementor-widget__width-initial elementor-widget elementor-widget-spacer\" data-id=\"4f8f6c7b\" data-element_type=\"widget\" data-widget_type=\"spacer.default\">\n\t\t\t\t<div class=\"elementor-widget-container\">\n\t\t\t\t\t\t\t<div class=\"elementor-spacer\">\n\t\t\t<div class=\"elementor-spacer-inner\"><\/div>\n\t\t<\/div>\n\t\t\t\t\t\t<\/div>\n\t\t\t\t<\/div>\n\t\t\t\t<\/div>\n\t\t\t\t\t<\/div>\n\t\t\t\t<\/div>\n\t\t<div class=\"elementor-element elementor-element-16b88297 e-flex e-con-boxed e-con e-parent\" data-id=\"16b88297\" data-element_type=\"container\">\n\t\t\t\t\t<div class=\"e-con-inner\">\n\t\t\t\t<div class=\"elementor-element elementor-element-284bbf0c pp-info-box-above-title elementor-widget elementor-widget-pp-info-box-carousel\" data-id=\"284bbf0c\" data-element_type=\"widget\" data-widget_type=\"pp-info-box-carousel.default\">\n\t\t\t\t<div class=\"elementor-widget-container\">\n\t\t\t\t\t\t\t<div class=\"pp-info-box-container pp-info-box-carousel pp-swiper-slider swiper\" data-slider-settings=\"{&quot;effect&quot;:&quot;slide&quot;,&quot;speed&quot;:500,&quot;slides_per_view&quot;:4,&quot;space_between&quot;:15,&quot;auto_height&quot;:true,&quot;loop&quot;:&quot;yes&quot;,&quot;autoplay&quot;:&quot;yes&quot;,&quot;autoplay_speed&quot;:3000,&quot;pause_on_interaction&quot;:&quot;&quot;,&quot;slides_per_view_mobile&quot;:1,&quot;space_between_mobile&quot;:10,&quot;slides_per_view_tablet&quot;:2,&quot;space_between_tablet&quot;:10}\">\n\t\t\t\t\t\t\t<div class=\"swiper-wrapper\">\n\t\t\t\n\t\t\t\t\t\t\t<div class=\"pp-info-box swiper-slide\">\n\t\t\t\t\t\n\t\t\t\t\t\t\t\t<div class=\"pp-info-box-icon-wrap\">\n\t\t\t\t\t\t\t\t<span class=\"pp-info-box-icon pp-icon\">\n\t\t\t\t\t\t\t\t\t\t\t<svg xmlns=\"http:\/\/www.w3.org\/2000\/svg\" id=\"Capa_1\" height=\"512\" viewBox=\"0 0 512 512\" width=\"512\"><path d=\"m316.035 271.013c0 41.381-33.666 75.047-75.047 75.047s-75.047-33.666-75.047-75.047c0-41.382 33.666-75.049 75.047-75.049 15.277 0 29.495 4.6 41.364 12.471l43.522-43.522c-.982-.718-1.969-1.433-2.973-2.135-29.515-20.625-59.081-31.049-88.002-31.049-2.649 0-5.291.087-7.929.262-34.896 2.375-67.406 17.91-91.519 43.741-24.173 25.854-37.481 59.688-37.481 95.281 0 38.188 14.88 74.1 41.898 101.118 27.02 27.02 62.931 41.899 101.119 41.899s74.1-14.88 101.119-41.899c27.018-27.019 41.897-62.93 41.897-101.118 0-31.434-12.694-61.612-35.612-86.193l-44.829 44.828c7.874 11.869 12.473 26.088 12.473 41.365z\"><\/path><path d=\"m230.382 260.406 30.032-30.032c-5.885-2.825-12.473-4.41-19.425-4.41-24.839 0-45.047 20.209-45.047 45.049 0 24.839 20.208 45.047 45.047 45.047s45.047-20.208 45.047-45.047c0-6.952-1.585-13.541-4.409-19.426l-30.031 30.031z\"><\/path><path d=\"m388.284 144.929-18.664 18.664c28.543 30.221 44.385 67.885 44.385 107.42 0 46.202-18 89.646-50.685 122.331-32.686 32.686-76.131 50.687-122.332 50.687s-89.646-18.001-122.332-50.687c-32.686-32.685-50.686-76.13-50.686-122.331 0-43.228 16.181-84.339 45.56-115.761 29.313-31.404 68.89-50.299 111.429-53.194 38.451-2.541 77.171 9.606 115.126 36.13 2.464 1.722 4.86 3.496 7.213 5.302l19.774-19.774 3.167-56.191c-38.274-24.416-82.755-37.5-129.25-37.5-64.37 0-124.888 25.067-170.404 70.583-45.518 45.516-70.585 106.034-70.585 170.404s25.067 124.888 70.584 170.404 106.034 70.584 170.404 70.584 124.888-25.067 170.404-70.584 70.583-106.034 70.583-170.404c0-46.495-13.085-90.976-37.5-129.25z\"><\/path><path d=\"m397.646 114.354 61.298-3.455 53.056-53.057-57.841-57.842-53.057 53.056z\"><\/path><\/svg>\t\t\t\t\t\t\t\t\t<\/span>\n\n\t\t\t\t\t\t\t<\/div>\n\t\t\t\n\t\t\t\t\t\n\t\t\t\t\t<div class=\"pp-info-box-content\">\n\t\t\t\t\t\t\t\t<div class=\"pp-info-box-title-wrap\">\n\t\t\t\t\t\t\t<a class=\"pp-info-box-title-container\" href=\"#\">\n\t\t\t\t\t<h5 class=\"pp-info-box-title\">\n\t\t\t\t\t\tMisi\u00f3n\t\t\t\t\t<\/h5>\n\t\t\t\t<\/a>\n\t\t\t\t\t\t<\/div>\n\t\t\n\t\t\t\t\t\t\n\t\t\t\t\t\t\t\t\t\t\t\t\t<div class=\"pp-info-box-description\">\n\t\t\t\t\t\t\t\t<p>Proveer soluciones de consumo de alta calidad y eficiencia para el sector minero e industrial, adapt\u00e1ndonos a los desaf\u00edos de cada cliente y sector. Nos enfocamos en productos que mejoren la seguridad y el rendimiento de los equipos, contribuyendo a un entorno industrial m\u00e1s seguro y eficiente.<\/p>\t\t\t\t\t\t\t<\/div>\n\t\t\t\t\t\t\n\t\t\t\t\t\t\t\t\t\t\t<\/div>\n\n\t\t\t\t\t\t\t\t\t<\/div>\n\t\t\t\t\t\t\t<div class=\"pp-info-box swiper-slide\">\n\t\t\t\t\t\n\t\t\t\t\t\t\t\t<div class=\"pp-info-box-icon-wrap\">\n\t\t\t\t\t\t\t\t<span class=\"pp-info-box-icon pp-icon\">\n\t\t\t\t\t\t\t\t\t\t\t<svg xmlns=\"http:\/\/www.w3.org\/2000\/svg\" xmlns:xlink=\"http:\/\/www.w3.org\/1999\/xlink\" id=\"Capa_1\" x=\"0px\" y=\"0px\" viewBox=\"0 0 512 512\" style=\"enable-background:new 0 0 512 512;\" xml:space=\"preserve\"><g>\t<g>\t\t<path d=\"M509.188,247.27c-4.57-6.39-113.521-156.272-252.182-156.272C118.334,90.998,7.383,240.88,2.813,247.27   c-3.75,5.22-3.75,12.25,0,17.46c4.57,6.39,115.521,156.271,254.193,156.271c138.661,0,247.612-149.881,252.182-156.272   C512.938,259.52,512.938,252.489,509.188,247.27z M257.006,361c-57.891,0-107.001-47.11-107.001-105.001   s49.11-105.001,107.001-105.001s105.001,47.11,105.001,105.001S314.897,361,257.006,361z\"><\/path>\t<\/g><\/g><g>\t<g>\t\t<path d=\"M257.006,210.999c-24.82,0-47,20.19-47,45c0,24.82,22.18,45,47,45c24.81,0,45-20.18,45-45   C302.006,231.189,281.816,210.999,257.006,210.999z\"><\/path>\t<\/g><\/g><g><\/g><g><\/g><g><\/g><g><\/g><g><\/g><g><\/g><g><\/g><g><\/g><g><\/g><g><\/g><g><\/g><g><\/g><g><\/g><g><\/g><g><\/g><\/svg>\t\t\t\t\t\t\t\t\t<\/span>\n\n\t\t\t\t\t\t\t<\/div>\n\t\t\t\n\t\t\t\t\t\n\t\t\t\t\t<div class=\"pp-info-box-content\">\n\t\t\t\t\t\t\t\t<div class=\"pp-info-box-title-wrap\">\n\t\t\t\t\t\t\t<a class=\"pp-info-box-title-container\" href=\"#\">\n\t\t\t\t\t<h5 class=\"pp-info-box-title\">\n\t\t\t\t\t\tVisi\u00f3n\t\t\t\t\t<\/h5>\n\t\t\t\t<\/a>\n\t\t\t\t\t\t<\/div>\n\t\t\n\t\t\t\t\t\t\n\t\t\t\t\t\t\t\t\t\t\t\t\t<div class=\"pp-info-box-description\">\n\t\t\t\t\t\t\t\t<p>Ser reconocidos como el principal proveedor de soluciones industriales y mineras en la regi\u00f3n, destac\u00e1ndonos por nuestra innovaci\u00f3n, compromiso con la sostenibilidad y el respaldo a nuestros clientes. Aspiramos a ser un referente en productos duraderos que cumplen con los m\u00e1s altos est\u00e1ndares de calidad y sostenibilidad.<\/p>\t\t\t\t\t\t\t<\/div>\n\t\t\t\t\t\t\n\t\t\t\t\t\t\t\t\t\t\t<\/div>\n\n\t\t\t\t\t\t\t\t\t<\/div>\n\t\t\t\n\t\t\t\t\t\t\t<\/div>\n\t\t\t\t\t\t<\/div>\n\t\t\t\t\t\t<\/div>\n\t\t\t\t<\/div>\n\t\t\t\t\t<\/div>\n\t\t\t\t<\/div>\n\t\t<div class=\"elementor-element elementor-element-124d4026 e-flex e-con-boxed e-con e-parent\" data-id=\"124d4026\" data-element_type=\"container\" data-settings=\"{&quot;background_background&quot;:&quot;classic&quot;}\">\n\t\t\t\t\t<div class=\"e-con-inner\">\n\t\t<div class=\"elementor-element elementor-element-431fbe57 e-con-full e-flex e-con e-child\" data-id=\"431fbe57\" data-element_type=\"container\">\n\t\t\t\t<div class=\"elementor-element elementor-element-4198a8e7 elementor-widget elementor-widget-heading\" data-id=\"4198a8e7\" data-element_type=\"widget\" data-widget_type=\"heading.default\">\n\t\t\t\t<div class=\"elementor-widget-container\">\n\t\t\t\t\t<h3 class=\"elementor-heading-title elementor-size-default\">Nuestro Equipo<\/h3>\t\t\t\t<\/div>\n\t\t\t\t<\/div>\n\t\t\t\t<div class=\"elementor-element elementor-element-48e5b0d8 elementor-widget elementor-widget-text-editor\" data-id=\"48e5b0d8\" data-element_type=\"widget\" data-widget_type=\"text-editor.default\">\n\t\t\t\t<div class=\"elementor-widget-container\">\n\t\t\t\t\t\t\t\t\t<p>Nuestro equipo est\u00e1 compuesto por expertos en el sector industrial y minero, con a\u00f1os de experiencia y un conocimiento profundo de las necesidades y desaf\u00edos de nuestros clientes. Liderados por profesionales apasionados y dedicados, nuestro equipo trabaja incansablemente para brindar asesor\u00eda y soporte t\u00e9cnico en cada proyecto, asegurando que nuestros clientes reciban soluciones a medida que optimicen sus operaciones.<\/p>\t\t\t\t\t\t\t\t<\/div>\n\t\t\t\t<\/div>\n\t\t\t\t<div class=\"elementor-element elementor-element-98bb994 elementor-widget elementor-widget-spacer\" data-id=\"98bb994\" data-element_type=\"widget\" data-widget_type=\"spacer.default\">\n\t\t\t\t<div class=\"elementor-widget-container\">\n\t\t\t\t\t\t\t<div class=\"elementor-spacer\">\n\t\t\t<div class=\"elementor-spacer-inner\"><\/div>\n\t\t<\/div>\n\t\t\t\t\t\t<\/div>\n\t\t\t\t<\/div>\n\t\t<div class=\"elementor-element elementor-element-779645ea e-con-full e-flex e-con e-child\" data-id=\"779645ea\" data-element_type=\"container\">\n\t\t<div class=\"elementor-element elementor-element-32a7335e e-con-full e-flex e-con e-child\" data-id=\"32a7335e\" data-element_type=\"container\" data-settings=\"{&quot;background_background&quot;:&quot;classic&quot;}\">\n\t\t\t\t<div class=\"elementor-element elementor-element-530fd059 elementor-widget elementor-widget-counter\" data-id=\"530fd059\" data-element_type=\"widget\" data-widget_type=\"counter.default\">\n\t\t\t\t<div class=\"elementor-widget-container\">\n\t\t\t\t\t\t\t<div class=\"elementor-counter\">\n\t\t\t<div class=\"elementor-counter-title\">A\u00f1os de experiencia<\/div>\t\t\t<div class=\"elementor-counter-number-wrapper\">\n\t\t\t\t<span class=\"elementor-counter-number-prefix\">+<\/span>\n\t\t\t\t<span class=\"elementor-counter-number\" data-duration=\"2000\" data-to-value=\"5\" data-from-value=\"0\" data-delimiter=\",\">0<\/span>\n\t\t\t\t<span class=\"elementor-counter-number-suffix\"><\/span>\n\t\t\t<\/div>\n\t\t<\/div>\n\t\t\t\t\t\t<\/div>\n\t\t\t\t<\/div>\n\t\t\t\t<\/div>\n\t\t<div class=\"elementor-element elementor-element-36d031a3 e-con-full e-flex e-con e-child\" data-id=\"36d031a3\" data-element_type=\"container\" data-settings=\"{&quot;background_background&quot;:&quot;classic&quot;}\">\n\t\t\t\t<div class=\"elementor-element elementor-element-57cdff65 elementor-widget elementor-widget-counter\" data-id=\"57cdff65\" data-element_type=\"widget\" data-widget_type=\"counter.default\">\n\t\t\t\t<div class=\"elementor-widget-container\">\n\t\t\t\t\t\t\t<div class=\"elementor-counter\">\n\t\t\t<div class=\"elementor-counter-title\">Clientes <\/div>\t\t\t<div class=\"elementor-counter-number-wrapper\">\n\t\t\t\t<span class=\"elementor-counter-number-prefix\">+<\/span>\n\t\t\t\t<span class=\"elementor-counter-number\" data-duration=\"2000\" data-to-value=\"100\" data-from-value=\"0\" data-delimiter=\",\">0<\/span>\n\t\t\t\t<span class=\"elementor-counter-number-suffix\"><\/span>\n\t\t\t<\/div>\n\t\t<\/div>\n\t\t\t\t\t\t<\/div>\n\t\t\t\t<\/div>\n\t\t\t\t<\/div>\n\t\t<div class=\"elementor-element elementor-element-41aada4 e-con-full e-flex e-con e-child\" data-id=\"41aada4\" data-element_type=\"container\" data-settings=\"{&quot;background_background&quot;:&quot;classic&quot;}\">\n\t\t\t\t<div class=\"elementor-element elementor-element-34052dfd elementor-widget elementor-widget-counter\" data-id=\"34052dfd\" data-element_type=\"widget\" data-widget_type=\"counter.default\">\n\t\t\t\t<div class=\"elementor-widget-container\">\n\t\t\t\t\t\t\t<div class=\"elementor-counter\">\n\t\t\t<div class=\"elementor-counter-title\">Productos<\/div>\t\t\t<div class=\"elementor-counter-number-wrapper\">\n\t\t\t\t<span class=\"elementor-counter-number-prefix\">+<\/span>\n\t\t\t\t<span class=\"elementor-counter-number\" data-duration=\"2000\" data-to-value=\"100\" data-from-value=\"0\" data-delimiter=\",\">0<\/span>\n\t\t\t\t<span class=\"elementor-counter-number-suffix\"><\/span>\n\t\t\t<\/div>\n\t\t<\/div>\n\t\t\t\t\t\t<\/div>\n\t\t\t\t<\/div>\n\t\t\t\t<\/div>\n\t\t\t\t<\/div>\n\t\t\t\t<\/div>\n\t\t<div class=\"elementor-element elementor-element-3cadc9e4 e-con-full e-flex e-con e-child\" data-id=\"3cadc9e4\" data-element_type=\"container\">\n\t\t\t\t<div class=\"elementor-element elementor-element-4adf5a6c elementor-widget elementor-widget-image\" data-id=\"4adf5a6c\" data-element_type=\"widget\" data-widget_type=\"image.default\">\n\t\t\t\t<div class=\"elementor-widget-container\">\n\t\t\t\t\t\t\t\t\t\t\t\t\t\t\t<img decoding=\"async\" width=\"732\" height=\"900\" src=\"https:\/\/lvtech2.amdigitalsoluciones.com\/wp-content\/uploads\/2025\/06\/director-people.png\" class=\"attachment-large size-large wp-image-50\" alt=\"\" srcset=\"https:\/\/lvtech2.amdigitalsoluciones.com\/wp-content\/uploads\/2025\/06\/director-people.png 732w, https:\/\/lvtech2.amdigitalsoluciones.com\/wp-content\/uploads\/2025\/06\/director-people-244x300.png 244w\" sizes=\"(max-width: 732px) 100vw, 732px\" \/>\t\t\t\t\t\t\t\t\t\t\t\t\t\t\t<\/div>\n\t\t\t\t<\/div>\n\t\t\t\t<\/div>\n\t\t\t\t\t<\/div>\n\t\t\t\t<\/div>\n\t\t<div class=\"elementor-element elementor-element-5483373f e-flex e-con-boxed e-con e-parent\" data-id=\"5483373f\" data-element_type=\"container\">\n\t\t\t\t\t<div class=\"e-con-inner\">\n\t\t\t\t<div class=\"elementor-element elementor-element-418a2c86 elementor-widget elementor-widget-image-carousel\" data-id=\"418a2c86\" data-element_type=\"widget\" data-settings=\"{&quot;slides_to_show&quot;:&quot;4&quot;,&quot;navigation&quot;:&quot;none&quot;,&quot;autoplay&quot;:&quot;yes&quot;,&quot;pause_on_hover&quot;:&quot;yes&quot;,&quot;pause_on_interaction&quot;:&quot;yes&quot;,&quot;autoplay_speed&quot;:5000,&quot;infinite&quot;:&quot;yes&quot;,&quot;speed&quot;:500}\" data-widget_type=\"image-carousel.default\">\n\t\t\t\t<div class=\"elementor-widget-container\">\n\t\t\t\t\t\t\t<div class=\"elementor-image-carousel-wrapper swiper\" role=\"region\" aria-roledescription=\"carousel\" aria-label=\"Carrusel de im\u00e1genes\" dir=\"ltr\">\n\t\t\t<div class=\"elementor-image-carousel swiper-wrapper\" aria-live=\"off\">\n\t\t\t\t\t\t\t\t<div class=\"swiper-slide\" role=\"group\" aria-roledescription=\"slide\" aria-label=\"1 de 4\"><figure class=\"swiper-slide-inner\"><img decoding=\"async\" class=\"swiper-slide-image\" src=\"https:\/\/lvtech2.amdigitalsoluciones.com\/wp-content\/uploads\/2025\/06\/logo-seal-experts-1.png\" alt=\"logo-seal-experts-1\" \/><\/figure><\/div><div class=\"swiper-slide\" role=\"group\" aria-roledescription=\"slide\" aria-label=\"2 de 4\"><figure class=\"swiper-slide-inner\"><img decoding=\"async\" class=\"swiper-slide-image\" src=\"https:\/\/lvtech2.amdigitalsoluciones.com\/wp-content\/uploads\/2025\/06\/301967209_401716308749455_5252932045302425906_n-1.png\" alt=\"301967209_401716308749455_5252932045302425906_n-1\" \/><\/figure><\/div><div class=\"swiper-slide\" role=\"group\" aria-roledescription=\"slide\" aria-label=\"3 de 4\"><figure class=\"swiper-slide-inner\"><img decoding=\"async\" class=\"swiper-slide-image\" src=\"https:\/\/lvtech2.amdigitalsoluciones.com\/wp-content\/uploads\/2025\/06\/vulcaflex-1.png\" alt=\"vulcaflex-1\" \/><\/figure><\/div><div class=\"swiper-slide\" role=\"group\" aria-roledescription=\"slide\" aria-label=\"4 de 4\"><figure class=\"swiper-slide-inner\"><img decoding=\"async\" class=\"swiper-slide-image\" src=\"https:\/\/lvtech2.amdigitalsoluciones.com\/wp-content\/uploads\/2025\/06\/arcorlogo-1.png\" alt=\"arcorlogo-1\" \/><\/figure><\/div>\t\t\t<\/div>\n\t\t\t\t\t\t\t\n\t\t\t\t\t\t\t\t\t<\/div>\n\t\t\t\t\t\t<\/div>\n\t\t\t\t<\/div>\n\t\t\t\t\t<\/div>\n\t\t\t\t<\/div>\n\t\t\t\t<\/div>\n\t\t","protected":false},"excerpt":{"rendered":"<p>Con\u00f3cenos MARCAS AMERICANAS Las Mejores Marcas En LV TECH., trabajamos con marcas reconocidas a nivel mundial para garantizar la calidad, seguridad y durabilidad de nuestros productos. Seleccionamos cuidadosamente a nuestros socios para ofrecer soluciones que se adapten a las exigencias del sector minero y otras industrias. COTIZAR Misi\u00f3n Proveer soluciones de consumo de alta calidad [&hellip;]<\/p>\n","protected":false},"author":1,"featured_media":0,"parent":0,"menu_order":0,"comment_status":"closed","ping_status":"closed","template":"","meta":{"footnotes":""},"class_list":["post-257","page","type-page","status-publish","hentry"],"_links":{"self":[{"href":"https:\/\/lvtech2.amdigitalsoluciones.com\/index.php\/wp-json\/wp\/v2\/pages\/257","targetHints":{"allow":["GET"]}}],"collection":[{"href":"https:\/\/lvtech2.amdigitalsoluciones.com\/index.php\/wp-json\/wp\/v2\/pages"}],"about":[{"href":"https:\/\/lvtech2.amdigitalsoluciones.com\/index.php\/wp-json\/wp\/v2\/types\/page"}],"author":[{"embeddable":true,"href":"https:\/\/lvtech2.amdigitalsoluciones.com\/index.php\/wp-json\/wp\/v2\/users\/1"}],"replies":[{"embeddable":true,"href":"https:\/\/lvtech2.amdigitalsoluciones.com\/index.php\/wp-json\/wp\/v2\/comments?post=257"}],"version-history":[{"count":10,"href":"https:\/\/lvtech2.amdigitalsoluciones.com\/index.php\/wp-json\/wp\/v2\/pages\/257\/revisions"}],"predecessor-version":[{"id":349,"href":"https:\/\/lvtech2.amdigitalsoluciones.com\/index.php\/wp-json\/wp\/v2\/pages\/257\/revisions\/349"}],"wp:attachment":[{"href":"https:\/\/lvtech2.amdigitalsoluciones.com\/index.php\/wp-json\/wp\/v2\/media?parent=257"}],"curies":[{"name":"wp","href":"https:\/\/api.w.org\/{rel}","templated":true}]}}